{"id":1808,"date":"2025-04-08T13:35:35","date_gmt":"2025-04-08T13:35:35","guid":{"rendered":"https:\/\/segellafood.com\/explicit-consent-text\/"},"modified":"2025-06-16T11:56:43","modified_gmt":"2025-06-16T11:56:43","slug":"explicit-consent-text","status":"publish","type":"page","link":"https:\/\/segellafood.com\/en\/explicit-consent-text\/","title":{"rendered":"Explicit Consent Text"},"content":{"rendered":"\t\t<div data-elementor-type=\"wp-page\" data-elementor-id=\"1808\" class=\"elementor elementor-1808 elementor-1331\" data-elementor-post-type=\"page\">\n\t\t\t\t<div class=\"elementor-element elementor-element-78c36178 e-flex e-con-boxed e-con e-parent\" data-id=\"78c36178\" data-element_type=\"container\" data-e-type=\"container\">\n\t\t\t\t\t<div class=\"e-con-inner\">\n\t\t\t\t<div class=\"elementor-element elementor-element-ca181c8 elementor-widget elementor-widget-heading\" data-id=\"ca181c8\" data-element_type=\"widget\" data-e-type=\"widget\" data-widget_type=\"heading.default\">\n\t\t\t\t<div class=\"elementor-widget-container\">\n\t\t\t\t\t<h1 class=\"elementor-heading-title elementor-size-default\">Explicit Consent Text\n<\/h1>\t\t\t\t<\/div>\n\t\t\t\t<\/div>\n\t\t\t\t<div class=\"elementor-element elementor-element-1d24ac06 elementor-widget elementor-widget-text-editor\" data-id=\"1d24ac06\" data-element_type=\"widget\" data-e-type=\"widget\" data-widget_type=\"text-editor.default\">\n\t\t\t\t<div class=\"elementor-widget-container\">\n\t\t\t\t\t\t\t\t\t<p><strong>INFORMATION ABOUT GIVING EXPLICIT CONSENT FOR SENDING COMMERCIAL COMMUNICATIONS AND COMMERCIAL ELECTRONIC MESSAGES <\/strong><\/p>\n<p>Se\u011fmen Karde\u015fler G\u0131da \u00dcretim ve Ambalaj Sanayi A.\u015e. processes your personal data in the capacity of data controller within the scope of the Law No. 6698 on the Protection of Personal Data.<\/p>\n<p>This Information Text is prepared to inform you about how and for what purposes your personal data will be processed if you give your explicit consent to receive commercial electronic communications, in accordance with Law No. 6563 on the Regulation of Electronic Commerce and the Regulation on Commercial Communication and Commercial Electronic Messages. Upon giving your explicit consent, your identity information (name, surname) and contact details (mobile phone number, landline phone number, email address, address, etc.) will be processed through communication channels such as email, SMS\/short message, multimedia messages (MMS), letters, telephone, computer, call center, automated calling, WhatsApp and similar internet applications, Bluetooth, other wireless networks, and other electronic communication tools. This processing is aimed at informing you about advertisements, promotions, information, advantages, campaigns, competitions, draws, invitations, openings, sales and marketing activities, celebrations, events, personalized or general campaigns, offers, and satisfaction surveys related to any products and services offered by Se\u011fmen Karde\u015fler G\u0131da \u00dcretim ve Ambalaj Sanayi A.\u015e., its affiliated companies, group companies, and subsidiaries.<\/p>\n<p>Your personal data is shared with suppliers, service providers, and \u0130leti Y\u00f6netim Sistemi A.\u015e. under the conditions specified in the Personal Data Protection Law No. 6698 and for the purpose of fulfilling our notification obligations under the Regulation on Commercial Communication and Commercial Electronic Messages. You may withdraw your consent for commercial electronic communications at any time by applying to our Company. For detailed information about the processing of your personal data in the context of commercial electronic communications, you can access the Disclosure Text here.<\/p>\t\t\t\t\t\t\t\t<\/div>\n\t\t\t\t<\/div>\n\t\t\t\t\t<\/div>\n\t\t\t\t<\/div>\n\t\t\t\t<\/div>\n\t\t","protected":false},"excerpt":{"rendered":"<p>Explicit Consent Text INFORMATION ABOUT GIVING EXPLICIT CONSENT FOR SENDING COMMERCIAL COMMUNICATIONS AND COMMERCIAL ELECTRONIC MESSAGES Se\u011fmen Karde\u015fler G\u0131da \u00dcretim ve Ambalaj Sanayi A.\u015e. processes your<span class=\"excerpt-hellip\"> [\u2026]<\/span><\/p>\n","protected":false},"author":3,"featured_media":0,"parent":0,"menu_order":0,"comment_status":"closed","ping_status":"closed","template":"","meta":{"footnotes":""},"class_list":["post-1808","page","type-page","status-publish","hentry"],"_links":{"self":[{"href":"https:\/\/segellafood.com\/en\/wp-json\/wp\/v2\/pages\/1808","targetHints":{"allow":["GET"]}}],"collection":[{"href":"https:\/\/segellafood.com\/en\/wp-json\/wp\/v2\/pages"}],"about":[{"href":"https:\/\/segellafood.com\/en\/wp-json\/wp\/v2\/types\/page"}],"author":[{"embeddable":true,"href":"https:\/\/segellafood.com\/en\/wp-json\/wp\/v2\/users\/3"}],"replies":[{"embeddable":true,"href":"https:\/\/segellafood.com\/en\/wp-json\/wp\/v2\/comments?post=1808"}],"version-history":[{"count":0,"href":"https:\/\/segellafood.com\/en\/wp-json\/wp\/v2\/pages\/1808\/revisions"}],"wp:attachment":[{"href":"https:\/\/segellafood.com\/en\/wp-json\/wp\/v2\/media?parent=1808"}],"curies":[{"name":"wp","href":"https:\/\/api.w.org\/{rel}","templated":true}]}}